{"id":8164,"date":"2021-10-20T11:19:48","date_gmt":"2021-10-20T11:19:48","guid":{"rendered":"https:\/\/theakitainu.com\/gesundheit\/"},"modified":"2025-09-30T11:24:08","modified_gmt":"2025-09-30T11:24:08","slug":"gesundheit","status":"publish","type":"page","link":"https:\/\/theakitainu.com\/de\/gesundheit\/","title":{"rendered":"Gesundheit"},"content":{"rendered":"\t\t<div data-elementor-type=\"wp-page\" data-elementor-id=\"8164\" class=\"elementor elementor-8164 elementor-1558\" data-elementor-post-type=\"page\">\n\t\t\t\t<div class=\"elementor-element elementor-element-4e3cec5 e-con-full e-flex e-con e-parent\" data-id=\"4e3cec5\" data-element_type=\"container\" data-e-type=\"container\" data-settings=\"{&quot;background_background&quot;:&quot;video&quot;,&quot;background_video_link&quot;:&quot;https:\\\/\\\/youtu.be\\\/apcKL6ZyF6E&quot;,&quot;background_video_start&quot;:0,&quot;background_play_on_mobile&quot;:&quot;yes&quot;}\">\n\t\t<div class=\"elementor-background-video-container\">\n\t\t\t\t\t\t\t<div class=\"elementor-background-video-embed\" role=\"presentation\"><\/div>\n\t\t\t\t\t\t<\/div><div class=\"elementor-element elementor-element-746e0ff e-con-full e-flex e-con e-child\" data-id=\"746e0ff\" data-element_type=\"container\" data-e-type=\"container\" data-settings=\"{&quot;background_background&quot;:&quot;classic&quot;}\">\n\t\t\t\t<div class=\"elementor-element elementor-element-cb6e5fe elementor-widget elementor-widget-spacer\" data-id=\"cb6e5fe\" data-element_type=\"widget\" data-e-type=\"widget\" data-widget_type=\"spacer.default\">\n\t\t\t\t<div class=\"elementor-widget-container\">\n\t\t\t\t\t\t\t<div class=\"elementor-spacer\">\n\t\t\t<div class=\"elementor-spacer-inner\"><\/div>\n\t\t<\/div>\n\t\t\t\t\t\t<\/div>\n\t\t\t\t<\/div>\n\t\t\t\t<div class=\"elementor-element elementor-element-a982722 elementor-widget elementor-widget-heading\" data-id=\"a982722\" data-element_type=\"widget\" data-e-type=\"widget\" data-widget_type=\"heading.default\">\n\t\t\t\t<div class=\"elementor-widget-container\">\n\t\t\t\t\t<h1 class=\"elementor-heading-title elementor-size-default\">Gesundheitsratgeber f\u00fcr Akita Inus: H\u00e4ufige Probleme &amp; Pflegetipps  <\/h1>\t\t\t\t<\/div>\n\t\t\t\t<\/div>\n\t\t\t\t<div class=\"elementor-element elementor-element-16deeae elementor-widget elementor-widget-heading\" data-id=\"16deeae\" data-element_type=\"widget\" data-e-type=\"widget\" data-widget_type=\"heading.default\">\n\t\t\t\t<div class=\"elementor-widget-container\">\n\t\t\t\t\t<h2 class=\"elementor-heading-title elementor-size-default\">F\u00fcr immer an deiner Seite, loyal bis zum Schluss \u2013 Ich bin der Akita<\/h2>\t\t\t\t<\/div>\n\t\t\t\t<\/div>\n\t\t\t\t<div class=\"elementor-element elementor-element-8d1d8a6 elementor-widget elementor-widget-spacer\" data-id=\"8d1d8a6\" data-element_type=\"widget\" data-e-type=\"widget\" data-widget_type=\"spacer.default\">\n\t\t\t\t<div class=\"elementor-widget-container\">\n\t\t\t\t\t\t\t<div class=\"elementor-spacer\">\n\t\t\t<div class=\"elementor-spacer-inner\"><\/div>\n\t\t<\/div>\n\t\t\t\t\t\t<\/div>\n\t\t\t\t<\/div>\n\t\t\t\t<\/div>\n\t\t\t\t<\/div>\n\t\t<div class=\"elementor-element elementor-element-e4e6b4f e-flex e-con-boxed e-con e-parent\" data-id=\"e4e6b4f\" data-element_type=\"container\" data-e-type=\"container\" data-settings=\"{&quot;background_background&quot;:&quot;classic&quot;}\">\n\t\t\t\t\t<div class=\"e-con-inner\">\n\t\t<div class=\"elementor-element elementor-element-9aa55fe e-con-full e-flex e-con e-child\" data-id=\"9aa55fe\" data-element_type=\"container\" data-e-type=\"container\">\n\t\t\t\t<div class=\"elementor-element elementor-element-7d30740 elementor-align-center elementor-widget elementor-widget-button\" data-id=\"7d30740\" data-element_type=\"widget\" data-e-type=\"widget\" data-widget_type=\"button.default\">\n\t\t\t\t<div class=\"elementor-widget-container\">\n\t\t\t\t\t\t\t\t\t<div class=\"elementor-button-wrapper\">\n\t\t\t\t\t<a class=\"elementor-button elementor-button-link elementor-size-xl elementor-animation-grow\" href=\"https:\/\/www.youtube.com\/channel\/UC3Oo6ag1JqVaJ6fs08Fa41Q?sub_confirmation=1\" target=\"_blank\" rel=\"noopener\">\n\t\t\t\t\t\t<span class=\"elementor-button-content-wrapper\">\n\t\t\t\t\t\t<span class=\"elementor-button-icon\">\n\t\t\t\t<svg aria-hidden=\"true\" class=\"e-font-icon-svg e-fab-youtube\" viewBox=\"0 0 576 512\" xmlns=\"http:\/\/www.w3.org\/2000\/svg\"><path d=\"M549.655 124.083c-6.281-23.65-24.787-42.276-48.284-48.597C458.781 64 288 64 288 64S117.22 64 74.629 75.486c-23.497 6.322-42.003 24.947-48.284 48.597-11.412 42.867-11.412 132.305-11.412 132.305s0 89.438 11.412 132.305c6.281 23.65 24.787 41.5 48.284 47.821C117.22 448 288 448 288 448s170.78 0 213.371-11.486c23.497-6.321 42.003-24.171 48.284-47.821 11.412-42.867 11.412-132.305 11.412-132.305s0-89.438-11.412-132.305zm-317.51 213.508V175.185l142.739 81.205-142.739 81.201z\"><\/path><\/svg>\t\t\t<\/span>\n\t\t\t\t\t\t\t\t\t<span class=\"elementor-button-text\">Jetzt abonnieren<\/span>\n\t\t\t\t\t<\/span>\n\t\t\t\t\t<\/a>\n\t\t\t\t<\/div>\n\t\t\t\t\t\t\t\t<\/div>\n\t\t\t\t<\/div>\n\t\t\t\t<\/div>\n\t\t\t\t\t<\/div>\n\t\t\t\t<\/div>\n\t\t<div class=\"elementor-element elementor-element-8bce745 e-flex e-con-boxed e-con e-parent\" data-id=\"8bce745\" data-element_type=\"container\" data-e-type=\"container\" data-settings=\"{&quot;background_background&quot;:&quot;classic&quot;}\">\n\t\t\t\t\t<div class=\"e-con-inner\">\n\t\t<div class=\"elementor-element elementor-element-02561ca e-con-full e-flex e-con e-child\" data-id=\"02561ca\" data-element_type=\"container\" data-e-type=\"container\">\n\t\t\t\t<div class=\"elementor-element elementor-element-f6e170f elementor-view-default elementor-widget elementor-widget-icon\" data-id=\"f6e170f\" data-element_type=\"widget\" data-e-type=\"widget\" data-widget_type=\"icon.default\">\n\t\t\t\t<div class=\"elementor-widget-container\">\n\t\t\t\t\t\t\t<div class=\"elementor-icon-wrapper\">\n\t\t\t<a class=\"elementor-icon elementor-animation-grow\" href=\"https:\/\/www.facebook.com\/TheAkitaInu\" target=\"_blank\" rel=\"noopener\">\n\t\t\t<svg aria-hidden=\"true\" class=\"e-font-icon-svg e-fab-facebook-f\" viewBox=\"0 0 320 512\" xmlns=\"http:\/\/www.w3.org\/2000\/svg\"><path d=\"M279.14 288l14.22-92.66h-88.91v-60.13c0-25.35 12.42-50.06 52.24-50.06h40.42V6.26S260.43 0 225.36 0c-73.22 0-121.08 44.38-121.08 124.72v70.62H22.89V288h81.39v224h100.17V288z\"><\/path><\/svg>\t\t\t<\/a>\n\t\t<\/div>\n\t\t\t\t\t\t<\/div>\n\t\t\t\t<\/div>\n\t\t\t\t<\/div>\n\t\t<div class=\"elementor-element elementor-element-81451c5 e-con-full e-flex e-con e-child\" data-id=\"81451c5\" data-element_type=\"container\" data-e-type=\"container\">\n\t\t\t\t<div class=\"elementor-element elementor-element-77b1035 elementor-view-default elementor-widget elementor-widget-icon\" data-id=\"77b1035\" data-element_type=\"widget\" data-e-type=\"widget\" data-widget_type=\"icon.default\">\n\t\t\t\t<div class=\"elementor-widget-container\">\n\t\t\t\t\t\t\t<div class=\"elementor-icon-wrapper\">\n\t\t\t<a class=\"elementor-icon elementor-animation-grow\" href=\"https:\/\/www.youtube.com\/channel\/UC3Oo6ag1JqVaJ6fs08Fa41Q?sub_confirmation=1\" target=\"_blank\" rel=\"noopener\">\n\t\t\t<svg aria-hidden=\"true\" class=\"e-font-icon-svg e-fab-youtube\" viewBox=\"0 0 576 512\" xmlns=\"http:\/\/www.w3.org\/2000\/svg\"><path d=\"M549.655 124.083c-6.281-23.65-24.787-42.276-48.284-48.597C458.781 64 288 64 288 64S117.22 64 74.629 75.486c-23.497 6.322-42.003 24.947-48.284 48.597-11.412 42.867-11.412 132.305-11.412 132.305s0 89.438 11.412 132.305c6.281 23.65 24.787 41.5 48.284 47.821C117.22 448 288 448 288 448s170.78 0 213.371-11.486c23.497-6.321 42.003-24.171 48.284-47.821 11.412-42.867 11.412-132.305 11.412-132.305s0-89.438-11.412-132.305zm-317.51 213.508V175.185l142.739 81.205-142.739 81.201z\"><\/path><\/svg>\t\t\t<\/a>\n\t\t<\/div>\n\t\t\t\t\t\t<\/div>\n\t\t\t\t<\/div>\n\t\t\t\t<\/div>\n\t\t<div class=\"elementor-element elementor-element-c07d3b9 e-con-full e-flex e-con e-child\" data-id=\"c07d3b9\" data-element_type=\"container\" data-e-type=\"container\">\n\t\t\t\t<div class=\"elementor-element elementor-element-3d3e4b0 elementor-view-default elementor-widget elementor-widget-icon\" data-id=\"3d3e4b0\" data-element_type=\"widget\" data-e-type=\"widget\" data-widget_type=\"icon.default\">\n\t\t\t\t<div class=\"elementor-widget-container\">\n\t\t\t\t\t\t\t<div class=\"elementor-icon-wrapper\">\n\t\t\t<a class=\"elementor-icon elementor-animation-grow\" href=\"https:\/\/www.instagram.com\/theakitainu\/\" target=\"_blank\" rel=\"noopener\">\n\t\t\t<svg aria-hidden=\"true\" class=\"e-font-icon-svg e-fab-instagram\" viewBox=\"0 0 448 512\" xmlns=\"http:\/\/www.w3.org\/2000\/svg\"><path d=\"M224.1 141c-63.6 0-114.9 51.3-114.9 114.9s51.3 114.9 114.9 114.9S339 319.5 339 255.9 287.7 141 224.1 141zm0 189.6c-41.1 0-74.7-33.5-74.7-74.7s33.5-74.7 74.7-74.7 74.7 33.5 74.7 74.7-33.6 74.7-74.7 74.7zm146.4-194.3c0 14.9-12 26.8-26.8 26.8-14.9 0-26.8-12-26.8-26.8s12-26.8 26.8-26.8 26.8 12 26.8 26.8zm76.1 27.2c-1.7-35.9-9.9-67.7-36.2-93.9-26.2-26.2-58-34.4-93.9-36.2-37-2.1-147.9-2.1-184.9 0-35.8 1.7-67.6 9.9-93.9 36.1s-34.4 58-36.2 93.9c-2.1 37-2.1 147.9 0 184.9 1.7 35.9 9.9 67.7 36.2 93.9s58 34.4 93.9 36.2c37 2.1 147.9 2.1 184.9 0 35.9-1.7 67.7-9.9 93.9-36.2 26.2-26.2 34.4-58 36.2-93.9 2.1-37 2.1-147.8 0-184.8zM398.8 388c-7.8 19.6-22.9 34.7-42.6 42.6-29.5 11.7-99.5 9-132.1 9s-102.7 2.6-132.1-9c-19.6-7.8-34.7-22.9-42.6-42.6-11.7-29.5-9-99.5-9-132.1s-2.6-102.7 9-132.1c7.8-19.6 22.9-34.7 42.6-42.6 29.5-11.7 99.5-9 132.1-9s102.7-2.6 132.1 9c19.6 7.8 34.7 22.9 42.6 42.6 11.7 29.5 9 99.5 9 132.1s2.7 102.7-9 132.1z\"><\/path><\/svg>\t\t\t<\/a>\n\t\t<\/div>\n\t\t\t\t\t\t<\/div>\n\t\t\t\t<\/div>\n\t\t\t\t<\/div>\n\t\t<div class=\"elementor-element elementor-element-5987b50 e-con-full e-flex e-con e-child\" data-id=\"5987b50\" data-element_type=\"container\" data-e-type=\"container\">\n\t\t\t\t<div class=\"elementor-element elementor-element-512d33d elementor-view-default elementor-widget elementor-widget-icon\" data-id=\"512d33d\" data-element_type=\"widget\" data-e-type=\"widget\" data-widget_type=\"icon.default\">\n\t\t\t\t<div class=\"elementor-widget-container\">\n\t\t\t\t\t\t\t<div class=\"elementor-icon-wrapper\">\n\t\t\t<a class=\"elementor-icon\" href=\"https:\/\/www.tiktok.com\/@theakitainu\" target=\"_blank\" rel=\"noopener\">\n\t\t\t<svg aria-hidden=\"true\" class=\"e-font-icon-svg e-fab-tiktok\" viewBox=\"0 0 448 512\" xmlns=\"http:\/\/www.w3.org\/2000\/svg\"><path d=\"M448,209.91a210.06,210.06,0,0,1-122.77-39.25V349.38A162.55,162.55,0,1,1,185,188.31V278.2a74.62,74.62,0,1,0,52.23,71.18V0l88,0a121.18,121.18,0,0,0,1.86,22.17h0A122.18,122.18,0,0,0,381,102.39a121.43,121.43,0,0,0,67,20.14Z\"><\/path><\/svg>\t\t\t<\/a>\n\t\t<\/div>\n\t\t\t\t\t\t<\/div>\n\t\t\t\t<\/div>\n\t\t\t\t<\/div>\n\t\t\t\t\t<\/div>\n\t\t\t\t<\/div>\n\t\t<div class=\"elementor-element elementor-element-3d5860c e-con-full e-flex e-con e-parent\" data-id=\"3d5860c\" data-element_type=\"container\" data-e-type=\"container\" data-settings=\"{&quot;background_background&quot;:&quot;classic&quot;}\">\n\t\t<div class=\"elementor-element elementor-element-5029acc e-con-full e-flex e-con e-child\" data-id=\"5029acc\" data-element_type=\"container\" data-e-type=\"container\">\n\t\t\t\t<div class=\"elementor-element elementor-element-be600da elementor-blockquote--skin-border elementor-blockquote--button-view-icon-text elementor-blockquote--button-skin-classic elementor-widget elementor-widget-blockquote\" data-id=\"be600da\" data-element_type=\"widget\" data-e-type=\"widget\" data-widget_type=\"blockquote.default\">\n\t\t\t\t<div class=\"elementor-widget-container\">\n\t\t\t\t\t\t\t<blockquote class=\"elementor-blockquote\">\n\t\t\t<p class=\"elementor-blockquote__content\">\n\t\t\t\tSanft wie ein K\u00e4tzchen, aber wild wie ein Samurai\t\t\t<\/p>\n\t\t\t\t\t\t\t<div class=\"e-q-footer\">\n\t\t\t\t\t\t\t\t\t\t\t<cite class=\"elementor-blockquote__author\">The Akita Inu - \u79cb\u7530\u72ac<\/cite>\n\t\t\t\t\t\t\t\t\t\t\t\t\t\t\t\t<a href=\"https:\/\/twitter.com\/intent\/tweet?text=Sanft+wie+ein+K%C3%A4tzchen%2C+aber+wild+wie+ein+Samurai+%E2%80%94+The+Akita+Inu+-+%E7%A7%8B%E7%94%B0%E7%8A%AC&amp;url=https%3A%2F%2Ftheakitainu.com%2Fde%2F%2Fde%2Fgesundheit%2F\" class=\"elementor-blockquote__tweet-button\" target=\"_blank\">\n\t\t\t\t\t\t\t\t\t\t\t\t\t\t\t<svg aria-hidden=\"true\" class=\"e-font-icon-svg e-fab-twitter\" viewBox=\"0 0 512 512\" xmlns=\"http:\/\/www.w3.org\/2000\/svg\"><path d=\"M459.37 151.716c.325 4.548.325 9.097.325 13.645 0 138.72-105.583 298.558-298.558 298.558-59.452 0-114.68-17.219-161.137-47.106 8.447.974 16.568 1.299 25.34 1.299 49.055 0 94.213-16.568 130.274-44.832-46.132-.975-84.792-31.188-98.112-72.772 6.498.974 12.995 1.624 19.818 1.624 9.421 0 18.843-1.3 27.614-3.573-48.081-9.747-84.143-51.98-84.143-102.985v-1.299c13.969 7.797 30.214 12.67 47.431 13.319-28.264-18.843-46.781-51.005-46.781-87.391 0-19.492 5.197-37.36 14.294-52.954 51.655 63.675 129.3 105.258 216.365 109.807-1.624-7.797-2.599-15.918-2.599-24.04 0-57.828 46.782-104.934 104.934-104.934 30.213 0 57.502 12.67 76.67 33.137 23.715-4.548 46.456-13.32 66.599-25.34-7.798 24.366-24.366 44.833-46.132 57.827 21.117-2.273 41.584-8.122 60.426-16.243-14.292 20.791-32.161 39.308-52.628 54.253z\"><\/path><\/svg>\t\t\t\t\t\t\t\t\t\t\t\t\t\t\t\t\t\t\t\t\t\t\t\t\t\t\t\t\t\t<span class=\"elementor-blockquote__tweet-label\">Twittern<\/span>\n\t\t\t\t\t\t\t\t\t\t\t\t\t<\/a>\n\t\t\t\t\t\t\t\t\t<\/div>\n\t\t\t\t\t<\/blockquote>\n\t\t\t\t\t\t<\/div>\n\t\t\t\t<\/div>\n\t\t\t\t<\/div>\n\t\t\t\t<\/div>\n\t\t<div class=\"elementor-element elementor-element-57a2d99 e-con-full e-flex e-con e-parent\" data-id=\"57a2d99\" data-element_type=\"container\" data-e-type=\"container\" data-settings=\"{&quot;background_background&quot;:&quot;classic&quot;}\">\n\t\t<div class=\"elementor-element elementor-element-0c1f839 e-con-full e-flex e-con e-child\" data-id=\"0c1f839\" data-element_type=\"container\" data-e-type=\"container\">\n\t\t\t\t<div class=\"elementor-element elementor-element-d641a27 elementor-widget elementor-widget-heading\" data-id=\"d641a27\" data-element_type=\"widget\" data-e-type=\"widget\" data-widget_type=\"heading.default\">\n\t\t\t\t<div class=\"elementor-widget-container\">\n\t\t\t\t\t<h2 class=\"elementor-heading-title elementor-size-default\">Die Akita Inu \u79cb\u7530\u72ac Gesundheit<\/h2>\t\t\t\t<\/div>\n\t\t\t\t<\/div>\n\t\t\t\t<\/div>\n\t\t\t\t<\/div>\n\t\t<div class=\"elementor-element elementor-element-25e9679 e-con-full e-flex e-con e-parent\" data-id=\"25e9679\" data-element_type=\"container\" data-e-type=\"container\" data-settings=\"{&quot;background_background&quot;:&quot;classic&quot;}\">\n\t\t<div class=\"elementor-element elementor-element-f062f2d e-con-full e-flex e-con e-child\" data-id=\"f062f2d\" data-element_type=\"container\" data-e-type=\"container\">\n\t\t\t\t<div class=\"elementor-element elementor-element-6604eb6 elementor-widget elementor-widget-text-editor\" data-id=\"6604eb6\" data-element_type=\"widget\" data-e-type=\"widget\" data-widget_type=\"text-editor.default\">\n\t\t\t\t<div class=\"elementor-widget-container\">\n\t\t\t\t\t\t\t\t\t<p>Der Akita Inu (\u79cb\u7530\u72ac) ist eine der \u00e4ltesten und angesehensten Hunderassen Japans. Akitas sind bekannt f\u00fcr ihr majest\u00e4tisches Aussehen, ihre Loyalit\u00e4t und ihre St\u00e4rke und wurden historisch gez\u00fcchtet, um gro\u00dfes Wild wie B\u00e4ren und Wildschweine zu jagen. Diese gro\u00dfen Hunde sind leicht an ihrem dicken Hals, ihrer tiefen Brust und ihrem langen Schwanz zu erkennen, der sich im entspannten Zustand anmutig \u00fcber ihren R\u00fccken rollt. Ihr doppeltes Fell, bestehend aus einer groben \u00e4u\u00dferen Schicht und einer weichen Unterwolle, sch\u00fctzt sie vor rauem Winterklima, ein Beweis f\u00fcr ihr Erbe in Japans schneereichen Regionen.   <\/p><p>Obwohl der Akita Inu eine robuste Rasse mit vielen bewundernswerten Eigenschaften ist, ist es wichtig, die besonderen gesundheitlichen Herausforderungen zu verstehen, denen sie m\u00f6glicherweise gegen\u00fcberstehen. Wie alle reinrassigen Hunde sind Akitas f\u00fcr bestimmte Erbkrankheiten pr\u00e4disponiert, \u00fcber die sich potenzielle Besitzer im Klaren sein sollten, bevor sie einen in ihr Zuhause holen. Zu den h\u00e4ufigsten Gesundheitsproblemen bei Akitas geh\u00f6ren Gelenkprobleme wie H\u00fcftdysplasie, Autoimmunerkrankungen wie Sebaceous Adenitis, Schilddr\u00fcsenprobleme und progressive Retinaatrophie (PRA). Diese Erkrankungen k\u00f6nnen die Lebensqualit\u00e4t eines Akitas erheblich beeintr\u00e4chtigen, wenn sie nicht fr\u00fchzeitig diagnostiziert und behandelt werden.   <\/p><p>H\u00fcftdysplasie ist ein weit verbreitetes Problem bei gr\u00f6\u00dferen Hunderassen, einschlie\u00dflich des Akita Inu. Diese Erkrankung tritt auf, wenn sich das H\u00fcftgelenk nicht richtig ausbildet, was mit der Zeit zu Schmerzen, Steifheit und eingeschr\u00e4nkter Beweglichkeit f\u00fchrt. Regelm\u00e4\u00dfige tier\u00e4rztliche Kontrollen und eine fr\u00fchzeitige Erkennung durch R\u00f6ntgenaufnahmen k\u00f6nnen helfen, diese Erkrankung effektiv zu behandeln. In \u00e4hnlicher Weise ist Sebaceous Adenitis eine Autoimmun-Hauterkrankung, die die Talgdr\u00fcsen betrifft und zu trockener Haut, Haarausfall und Sekund\u00e4rinfektionen f\u00fchrt, wenn sie unbehandelt bleibt. Konsequente Pflegeroutinen und spezielle Shampoos k\u00f6nnen helfen, die Symptome zu lindern.    <\/p><p>Ein weiterer wichtiger Aspekt der Akita-Gesundheit ist die Schilddr\u00fcsenfunktion. Autoimmune Thyreoiditis kann zu Hypothyreose f\u00fchren, die sich als Lethargie, Gewichtszunahme und Fellprobleme \u00e4u\u00dfert. Regelm\u00e4\u00dfige Blutuntersuchungen k\u00f6nnen diese Erkrankung fr\u00fchzeitig erkennen, was eine wirksame Behandlung durch Medikamente erm\u00f6glicht. Die Augengesundheit ist auch ein Problem f\u00fcr diese Rasse; progressive Retinaatrophie (PRA) ist eine genetische Erkrankung, die einen allm\u00e4hlichen Sehverlust und schlie\u00dflich Blindheit verursacht. Gentests vor der Zucht k\u00f6nnen helfen, die Pr\u00e4valenz von PRA in zuk\u00fcnftigen Generationen zu reduzieren.    <\/p><p>Vorbeugende Pflege spielt eine wichtige Rolle beim Schutz der Gesundheit deines Akita Inus. Eine ausgewogene Ern\u00e4hrung, die reich an hochwertigen Proteinen und Fetten ist, unterst\u00fctzt das allgemeine Wohlbefinden, w\u00e4hrend die Aufrechterhaltung eines gesunden Gewichts den Stress auf die Gelenke reduziert und fettleibigkeitsbedingte Komplikationen verhindert. Nahrungserg\u00e4nzungsmittel wie Omega-3-Fetts\u00e4uren k\u00f6nnen die Gesundheit der Gelenke f\u00f6rdern und Entz\u00fcndungen reduzieren. Regelm\u00e4\u00dfige Bewegung, die auf das Alter und den k\u00f6rperlichen Zustand deines Hundes zugeschnitten ist, hilft, den Muskeltonus aufrechtzuerhalten, ohne ihn zu \u00fcberanstrengen.   <\/p><p>Routineuntersuchungen beim Tierarzt sind unerl\u00e4sslich f\u00fcr die fr\u00fchzeitige Erkennung potenzieller Gesundheitsprobleme. Impfungen sch\u00fctzen vor h\u00e4ufigen Hundeerkrankungen wie Parvovirus, Staupe und Tollwut, w\u00e4hrend Ma\u00dfnahmen zur Parasitenbek\u00e4mpfung deinen Hund vor Fl\u00f6hen, Zecken, Herzw\u00fcrmern und Darmw\u00fcrmern sch\u00fctzen. Zu den Pflegeroutinen sollte regelm\u00e4\u00dfiges B\u00fcrsten geh\u00f6ren, um das Haaren zu kontrollieren und die Fellgesundheit zu erhalten, sowie die Kontrolle auf Hautirritationen oder Infektionen.  <\/p><p>Einen Akita Inu zu besitzen ist eine lohnende Erfahrung, die mit Verantwortung verbunden ist. Indem du ihre spezifischen gesundheitlichen Bed\u00fcrfnisse verstehst und proaktive Ma\u00dfnahmen ergreifst, um potenzielle Probleme fr\u00fchzeitig anzugehen, kannst du sicherstellen, dass dein Akita ein langes, gl\u00fcckliches Leben an deiner Seite f\u00fchrt. F\u00fcr detailliertere Informationen zu bestimmten Erkrankungen wie Gelenkproblemen oder Hauterkrankungen bei Akitas, erkunde unsere verwandten Artikel unten.  <\/p>\t\t\t\t\t\t\t\t<\/div>\n\t\t\t\t<\/div>\n\t\t\t\t<\/div>\n\t\t\t\t<\/div>\n\t\t<div class=\"elementor-element elementor-element-db80689 e-con-full e-flex e-con e-parent\" data-id=\"db80689\" data-element_type=\"container\" data-e-type=\"container\" data-settings=\"{&quot;background_background&quot;:&quot;classic&quot;}\">\n\t\t<div class=\"elementor-element elementor-element-d46f3cd e-con-full e-flex e-con e-child\" data-id=\"d46f3cd\" data-element_type=\"container\" data-e-type=\"container\">\n\t\t\t\t<\/div>\n\t\t\t\t<\/div>\n\t\t\t\t<\/div>\n\t\t","protected":false},"excerpt":{"rendered":"<p>Gesundheitsratgeber f\u00fcr Akita Inus: H\u00e4ufige Probleme &amp; Pflegetipps F\u00fcr immer an deiner Seite, loyal bis zum Schluss \u2013 Ich bin der Akita Jetzt abonnieren Sanft wie ein K\u00e4tzchen, aber wild wie ein Samurai The Akita Inu &#8211; \u79cb\u7530\u72ac Twittern Die Akita Inu \u79cb\u7530\u72ac Gesundheit Der Akita Inu (\u79cb\u7530\u72ac) ist eine der \u00e4ltesten und angesehensten Hunderassen [&hellip;]<\/p>\n","protected":false},"author":2,"featured_media":8165,"parent":0,"menu_order":0,"comment_status":"closed","ping_status":"closed","template":"elementor_header_footer","meta":{"site-sidebar-layout":"no-sidebar","site-content-layout":"page-builder","ast-site-content-layout":"full-width-container","site-content-style":"unboxed","site-sidebar-style":"unboxed","ast-global-header-display":"","ast-banner-title-visibility":"","ast-main-header-display":"","ast-hfb-above-header-display":"","ast-hfb-below-header-display":"","ast-hfb-mobile-header-display":"","site-post-title":"disabled","ast-breadcrumbs-content":"","ast-featured-img":"disabled","footer-sml-layout":"","ast-disable-related-posts":"","theme-transparent-header-meta":"default","adv-header-id-meta":"","stick-header-meta":"default","header-above-stick-meta":"","header-main-stick-meta":"","header-below-stick-meta":"","astra-migrate-meta-layouts":"default","ast-page-background-enabled":"default","ast-page-background-meta":{"desktop":{"background-color":"","background-image":"","background-repeat":"repeat","background-position":"center center","background-size":"auto","background-attachment":"scroll","background-type":"","background-media":"","overlay-type":"","overlay-color":"","overlay-opacity":"","overlay-gradient":""},"tablet":{"background-color":"","background-image":"","background-repeat":"repeat","background-position":"center center","background-size":"auto","background-attachment":"scroll","background-type":"","background-media":"","overlay-type":"","overlay-color":"","overlay-opacity":"","overlay-gradient":""},"mobile":{"background-color":"","background-image":"","background-repeat":"repeat","background-position":"center center","background-size":"auto","background-attachment":"scroll","background-type":"","background-media":"","overlay-type":"","overlay-color":"","overlay-opacity":"","overlay-gradient":""}},"ast-content-background-meta":{"desktop":{"background-color":"var(--ast-global-color-5)","background-image":"","background-repeat":"repeat","background-position":"center center","background-size":"auto","background-attachment":"scroll","background-type":"","background-media":"","overlay-type":"","overlay-color":"","overlay-opacity":"","overlay-gradient":""},"tablet":{"background-color":"var(--ast-global-color-5)","background-image":"","background-repeat":"repeat","background-position":"center center","background-size":"auto","background-attachment":"scroll","background-type":"","background-media":"","overlay-type":"","overlay-color":"","overlay-opacity":"","overlay-gradient":""},"mobile":{"background-color":"var(--ast-global-color-5)","background-image":"","background-repeat":"repeat","background-position":"center center","background-size":"auto","background-attachment":"scroll","background-type":"","background-media":"","overlay-type":"","overlay-color":"","overlay-opacity":"","overlay-gradient":""}},"footnotes":""},"class_list":["post-8164","page","type-page","status-publish","has-post-thumbnail","hentry"],"_links":{"self":[{"href":"https:\/\/theakitainu.com\/de\/wp-json\/wp\/v2\/pages\/8164","targetHints":{"allow":["GET"]}}],"collection":[{"href":"https:\/\/theakitainu.com\/de\/wp-json\/wp\/v2\/pages"}],"about":[{"href":"https:\/\/theakitainu.com\/de\/wp-json\/wp\/v2\/types\/page"}],"author":[{"embeddable":true,"href":"https:\/\/theakitainu.com\/de\/wp-json\/wp\/v2\/users\/2"}],"replies":[{"embeddable":true,"href":"https:\/\/theakitainu.com\/de\/wp-json\/wp\/v2\/comments?post=8164"}],"version-history":[{"count":1,"href":"https:\/\/theakitainu.com\/de\/wp-json\/wp\/v2\/pages\/8164\/revisions"}],"predecessor-version":[{"id":8167,"href":"https:\/\/theakitainu.com\/de\/wp-json\/wp\/v2\/pages\/8164\/revisions\/8167"}],"wp:featuredmedia":[{"embeddable":true,"href":"https:\/\/theakitainu.com\/de\/wp-json\/wp\/v2\/media\/8165"}],"wp:attachment":[{"href":"https:\/\/theakitainu.com\/de\/wp-json\/wp\/v2\/media?parent=8164"}],"curies":[{"name":"wp","href":"https:\/\/api.w.org\/{rel}","templated":true}]}}